{"id":2768,"date":"2017-07-31T11:35:48","date_gmt":"2017-07-31T11:35:48","guid":{"rendered":"http:\/\/morsel.edge-themes.com\/?page_id=2768"},"modified":"2023-02-27T14:59:46","modified_gmt":"2023-02-27T13:59:46","slug":"chisiamo","status":"publish","type":"page","link":"https:\/\/www.barcoconut.it\/site\/chisiamo\/","title":{"rendered":"Chi siamo"},"content":{"rendered":"<div class=\"wpb-content-wrapper\"><p>[vc_row row_content_width=&#8221;grid&#8221; content_text_aligment=&#8221;center&#8221; css=&#8221;.vc_custom_1515086658562{padding-top: 50px !important;padding-right: 0px !important;padding-bottom: 25px !important;padding-left: 0px !important;}&#8221;][vc_column]<div class=\"edgt-elements-holder   edgt-one-column  edgt-responsive-mode-768 \" ><div class=\"edgt-eh-item    \"  data-item-class=\"edgt-eh-custom-4268\" data-1024-1280=\"0px 11%\" data-768-1024=\"0px\" data-680-768=\"0px\" data-680=\"0px\">\n\t<div class=\"edgt-eh-item-inner\">\n\t\t<div class=\"edgt-eh-item-content edgt-eh-custom-4268\" style=\"padding: 0px 15%\">\n\t\t\t[vc_empty_space height=&#8221;39px&#8221;]<div class=\"edgt-section-title-holder  edgt-st-standard edgt-st-title-left edgt-st-normal-space \" >\n\t<div class=\"edgt-st-inner\">\n\t\t\t\t\t<h6 class=\"edgt-st-subtitle \">\n\t\t\t\tBar &amp; Cucina\t\t\t<\/h6>\n\t\t\t\t\t\t\t<h3 class=\"edgt-st-title\" style=\"color: #3d3d3d\">\n\t\t\t\tCoconut\t\t\t<\/h3>\n\t\t\t\t\t\t\t<p class=\"edgt-st-text\" style=\"color: #989898;font-size: 19px\">\n\t\t\t\tCoconut Bar &amp; Cucina \u00e8 una realt\u00e0 giovane che rivede il concetto di chiosco in chiave moderna. La nostra mission \u00e8 far sentire il cliente come a casa propria.. o forse anche meglio! Utilizziamo prodotti locali e altamente scelti cercando ogni giorno di stupirti con semplicit\u00e0!\t\t\t<\/p>\n\t\t\t<\/div>\n<\/div>\t\t<\/div>\n\t<\/div>\n<\/div><\/div>[\/vc_column][\/vc_row][vc_row gap=&#8221;35&#8243; equal_height=&#8221;yes&#8221; row_content_width=&#8221;grid&#8221; css=&#8221;.vc_custom_1513426840245{padding-top: 25px !important;padding-bottom: 90px !important;}&#8221;][vc_column offset=&#8221;vc_col-lg-4 vc_col-md-8 vc_col-xs-12&#8243;]<div class=\"edgt-iwt clearfix  edgt-iwt-icon-left edgt-iwt-icon-huge\">\n\t<div class=\"edgt-iwt-icon\">\n\t\t\t\t\t\t\t\t\t<img decoding=\"async\" src=\"https:\/\/www.barcoconut.it\/site\/wp-content\/uploads\/2017\/12\/primi.png\" alt=\"Custom icon\" style=\"width:65px;height:65px;\"\/>\n\t\t\t\t\t\t<\/div>\n\t<div class=\"edgt-iwt-content\" >\n\t\t\t\t\t\t\t<h4 class=\"edgt-iwt-title\" style=\"color: #8d7260\">\n\t\t\t\t\t\t\t\t<span class=\"edgt-iwt-title-text\">Primi piatti<\/span>\n\t\t\t\t\t\t\t<\/h4>\n\t\t\t\t\t\t\t<p class=\"edgt-iwt-text\" style=\"color: #989898\">Deliziosi primi piatti, ampia scelta di primi a base di pesce o carne, scegliamo accuratamente i migliori ingredienti.<\/p>\n\t\t\t<\/div>\n<\/div>[vc_empty_space height=&#8221;39px&#8221;]<div class=\"edgt-iwt clearfix  edgt-iwt-icon-left edgt-iwt-icon-large\">\n\t<div class=\"edgt-iwt-icon\">\n\t\t\t\t\t\t\t\t\t<img decoding=\"async\" src=\"https:\/\/www.barcoconut.it\/site\/wp-content\/uploads\/2017\/12\/insalata.png\" alt=\"Custom icon\" style=\"width:65px;height:65px;\"\/>\n\t\t\t\t\t\t<\/div>\n\t<div class=\"edgt-iwt-content\" >\n\t\t\t\t\t\t\t<h4 class=\"edgt-iwt-title\" style=\"color: #8d7260\">\n\t\t\t\t\t\t\t\t<span class=\"edgt-iwt-title-text\">Insalate<\/span>\n\t\t\t\t\t\t\t<\/h4>\n\t\t\t\t\t\t\t<p class=\"edgt-iwt-text\" style=\"color: #989898\">Sfiziose, ricche e leggere con verdure sempre fresche.<\/p>\n\t\t\t<\/div>\n<\/div>[vc_empty_space height=&#8221;4px&#8221;][\/vc_column][vc_column offset=&#8221;vc_col-lg-4 vc_col-md-8 vc_col-xs-12&#8243;]<div class=\"edgt-iwt clearfix  edgt-iwt-icon-left edgt-iwt-icon-huge\">\n\t<div class=\"edgt-iwt-icon\">\n\t\t\t\t\t\t\t\t\t<img decoding=\"async\" src=\"https:\/\/www.barcoconut.it\/site\/wp-content\/uploads\/2017\/12\/piadina.png\" alt=\"Custom icon\" style=\"width:65px;height:65px;\"\/>\n\t\t\t\t\t\t<\/div>\n\t<div class=\"edgt-iwt-content\" >\n\t\t\t\t\t\t\t<h4 class=\"edgt-iwt-title\" style=\"color: #8d7260\">\n\t\t\t\t\t\t\t\t<span class=\"edgt-iwt-title-text\">Piadine<\/span>\n\t\t\t\t\t\t\t<\/h4>\n\t\t\t\t\t\t\t<p class=\"edgt-iwt-text\" style=\"color: #989898\">Prodotte e cotte a Bellaria, l&#039;anima della Romagna, farcite con affettati e formaggi di alta qualit\u00e0 e verdure fresche.<\/p>\n\t\t\t<\/div>\n<\/div>[vc_empty_space height=&#8221;39px&#8221;]<div class=\"edgt-iwt clearfix  edgt-iwt-icon-left edgt-iwt-icon-huge\">\n\t<div class=\"edgt-iwt-icon\">\n\t\t\t\t\t\t\t\t\t<img decoding=\"async\" src=\"https:\/\/www.barcoconut.it\/site\/wp-content\/uploads\/2017\/12\/piadina.png\" alt=\"Custom icon\" style=\"width:65px;height:65px;\"\/>\n\t\t\t\t\t\t<\/div>\n\t<div class=\"edgt-iwt-content\" >\n\t\t\t\t\t\t\t<h4 class=\"edgt-iwt-title\" style=\"color: #8d7260\">\n\t\t\t\t\t\t\t\t<span class=\"edgt-iwt-title-text\">Cassoni<\/span>\n\t\t\t\t\t\t\t<\/h4>\n\t\t\t\t\t\t\t<p class=\"edgt-iwt-text\" style=\"color: #989898\">Farciti come da specilit\u00e0 romagnole<\/p>\n\t\t\t<\/div>\n<\/div>[vc_empty_space height=&#8221;4px&#8221;][\/vc_column][vc_column offset=&#8221;vc_col-lg-4 vc_col-md-8 vc_col-xs-12&#8243;]<div class=\"edgt-iwt clearfix  edgt-iwt-icon-left edgt-iwt-icon-huge\">\n\t<div class=\"edgt-iwt-icon\">\n\t\t\t\t\t\t\t\t\t<img decoding=\"async\" src=\"https:\/\/www.barcoconut.it\/site\/wp-content\/uploads\/2017\/12\/fritto.png\" alt=\"Custom icon\" style=\"width:65px;height:65px;\"\/>\n\t\t\t\t\t\t<\/div>\n\t<div class=\"edgt-iwt-content\" >\n\t\t\t\t\t\t\t<h4 class=\"edgt-iwt-title\" style=\"color: #8d7260\">\n\t\t\t\t\t\t\t\t<span class=\"edgt-iwt-title-text\">fritto misto<\/span>\n\t\t\t\t\t\t\t<\/h4>\n\t\t\t\t\t\t\t<p class=\"edgt-iwt-text\" style=\"color: #989898\">Fritto misto di pesce dell&#039;adriatico con verdure miste.<\/p>\n\t\t\t<\/div>\n<\/div>[vc_empty_space height=&#8221;39px&#8221;]<div class=\"edgt-iwt clearfix  edgt-iwt-icon-left edgt-iwt-icon-large\">\n\t<div class=\"edgt-iwt-icon\">\n\t\t\t\t\t\t\t\t\t<img decoding=\"async\" src=\"https:\/\/www.barcoconut.it\/site\/wp-content\/uploads\/2017\/12\/frutta.png\" alt=\"Custom icon\" style=\"width:65px;height:65px;\"\/>\n\t\t\t\t\t\t<\/div>\n\t<div class=\"edgt-iwt-content\" >\n\t\t\t\t\t\t\t<h4 class=\"edgt-iwt-title\" style=\"color: #8d7260\">\n\t\t\t\t\t\t\t\t<span class=\"edgt-iwt-title-text\">frutta fresca<\/span>\n\t\t\t\t\t\t\t<\/h4>\n\t\t\t\t\t\t\t<p class=\"edgt-iwt-text\" style=\"color: #989898\">Lasciati ispirare dalla nostra macedonia di frutta sempre fresca e di stagione.<\/p>\n\t\t\t<\/div>\n<\/div>[vc_empty_space height=&#8221;4px&#8221;][\/vc_column][\/vc_row][vc_row row_content_width=&#8221;grid&#8221; css=&#8221;.vc_custom_1513507413350{padding-top: 30px !important;padding-bottom: 30px !important;}&#8221;][vc_column]<div class=\"edgt-image-gallery  edgt-ig-grid-type edgt-normal-space  edgt-image-behavior-zoom\">\n\t<div class=\"edgt-ig-inner edgt-outer-space edgt-ig-grid edgt-ig-three-columns\">\n\t\t\t\t\t<div class=\"edgt-ig-image edgt-item-space\">\n\t\t\t\t<div class=\"edgt-ig-image-inner\">\n\t\t\t\t\t\t\t\t\t\t\t<img loading=\"lazy\" decoding=\"async\" width=\"1024\" height=\"681\" src=\"https:\/\/www.barcoconut.it\/site\/wp-content\/uploads\/2022\/07\/frittopesce.jpg\" class=\"attachment-full size-full\" alt=\"\" srcset=\"https:\/\/www.barcoconut.it\/site\/wp-content\/uploads\/2022\/07\/frittopesce.jpg 1024w, https:\/\/www.barcoconut.it\/site\/wp-content\/uploads\/2022\/07\/frittopesce-300x200.jpg 300w, https:\/\/www.barcoconut.it\/site\/wp-content\/uploads\/2022\/07\/frittopesce-768x511.jpg 768w, https:\/\/www.barcoconut.it\/site\/wp-content\/uploads\/2022\/07\/frittopesce-600x399.jpg 600w\" sizes=\"auto, (max-width: 1024px) 100vw, 1024px\" \/>\t\t\t\t\t\t\t\t\t<\/div>\n\t\t\t<\/div>\n\t\t\t\t\t<div class=\"edgt-ig-image edgt-item-space\">\n\t\t\t\t<div class=\"edgt-ig-image-inner\">\n\t\t\t\t\t\t\t\t\t\t\t<img loading=\"lazy\" decoding=\"async\" width=\"1024\" height=\"681\" src=\"https:\/\/www.barcoconut.it\/site\/wp-content\/uploads\/2022\/07\/insalate-piadina-lasagne-frittopesce.jpg\" class=\"attachment-full size-full\" alt=\"\" srcset=\"https:\/\/www.barcoconut.it\/site\/wp-content\/uploads\/2022\/07\/insalate-piadina-lasagne-frittopesce.jpg 1024w, https:\/\/www.barcoconut.it\/site\/wp-content\/uploads\/2022\/07\/insalate-piadina-lasagne-frittopesce-300x200.jpg 300w, https:\/\/www.barcoconut.it\/site\/wp-content\/uploads\/2022\/07\/insalate-piadina-lasagne-frittopesce-768x511.jpg 768w, https:\/\/www.barcoconut.it\/site\/wp-content\/uploads\/2022\/07\/insalate-piadina-lasagne-frittopesce-600x399.jpg 600w\" sizes=\"auto, (max-width: 1024px) 100vw, 1024px\" \/>\t\t\t\t\t\t\t\t\t<\/div>\n\t\t\t<\/div>\n\t\t\t\t\t<div class=\"edgt-ig-image edgt-item-space\">\n\t\t\t\t<div class=\"edgt-ig-image-inner\">\n\t\t\t\t\t\t\t\t\t\t\t<img loading=\"lazy\" decoding=\"async\" width=\"1024\" height=\"683\" src=\"https:\/\/www.barcoconut.it\/site\/wp-content\/uploads\/2022\/07\/lasagnapesce-coconut.jpg\" class=\"attachment-full size-full\" alt=\"\" srcset=\"https:\/\/www.barcoconut.it\/site\/wp-content\/uploads\/2022\/07\/lasagnapesce-coconut.jpg 1024w, https:\/\/www.barcoconut.it\/site\/wp-content\/uploads\/2022\/07\/lasagnapesce-coconut-300x200.jpg 300w, https:\/\/www.barcoconut.it\/site\/wp-content\/uploads\/2022\/07\/lasagnapesce-coconut-768x512.jpg 768w, https:\/\/www.barcoconut.it\/site\/wp-content\/uploads\/2022\/07\/lasagnapesce-coconut-600x400.jpg 600w\" sizes=\"auto, (max-width: 1024px) 100vw, 1024px\" \/>\t\t\t\t\t\t\t\t\t<\/div>\n\t\t\t<\/div>\n\t\t\t\t\t<div class=\"edgt-ig-image edgt-item-space\">\n\t\t\t\t<div class=\"edgt-ig-image-inner\">\n\t\t\t\t\t\t\t\t\t\t\t<img loading=\"lazy\" decoding=\"async\" width=\"1024\" height=\"683\" src=\"https:\/\/www.barcoconut.it\/site\/wp-content\/uploads\/2022\/07\/colazionicoconut-1.jpg\" class=\"attachment-full size-full\" alt=\"\" srcset=\"https:\/\/www.barcoconut.it\/site\/wp-content\/uploads\/2022\/07\/colazionicoconut-1.jpg 1024w, https:\/\/www.barcoconut.it\/site\/wp-content\/uploads\/2022\/07\/colazionicoconut-1-300x200.jpg 300w, https:\/\/www.barcoconut.it\/site\/wp-content\/uploads\/2022\/07\/colazionicoconut-1-768x512.jpg 768w, https:\/\/www.barcoconut.it\/site\/wp-content\/uploads\/2022\/07\/colazionicoconut-1-600x400.jpg 600w\" sizes=\"auto, (max-width: 1024px) 100vw, 1024px\" \/>\t\t\t\t\t\t\t\t\t<\/div>\n\t\t\t<\/div>\n\t\t\t\t\t<div class=\"edgt-ig-image edgt-item-space\">\n\t\t\t\t<div class=\"edgt-ig-image-inner\">\n\t\t\t\t\t\t\t\t\t\t\t<img loading=\"lazy\" decoding=\"async\" width=\"1024\" height=\"683\" src=\"https:\/\/www.barcoconut.it\/site\/wp-content\/uploads\/2022\/07\/piadina-cassoni-1024-1.jpg\" class=\"attachment-full size-full\" alt=\"\" srcset=\"https:\/\/www.barcoconut.it\/site\/wp-content\/uploads\/2022\/07\/piadina-cassoni-1024-1.jpg 1024w, https:\/\/www.barcoconut.it\/site\/wp-content\/uploads\/2022\/07\/piadina-cassoni-1024-1-300x200.jpg 300w, https:\/\/www.barcoconut.it\/site\/wp-content\/uploads\/2022\/07\/piadina-cassoni-1024-1-768x512.jpg 768w, https:\/\/www.barcoconut.it\/site\/wp-content\/uploads\/2022\/07\/piadina-cassoni-1024-1-600x400.jpg 600w\" sizes=\"auto, (max-width: 1024px) 100vw, 1024px\" \/>\t\t\t\t\t\t\t\t\t<\/div>\n\t\t\t<\/div>\n\t\t\t\t\t<div class=\"edgt-ig-image edgt-item-space\">\n\t\t\t\t<div class=\"edgt-ig-image-inner\">\n\t\t\t\t\t\t\t\t\t\t\t<img loading=\"lazy\" decoding=\"async\" width=\"1024\" height=\"683\" src=\"https:\/\/www.barcoconut.it\/site\/wp-content\/uploads\/2022\/07\/drink-aperitivi-1.jpg\" class=\"attachment-full size-full\" alt=\"\" srcset=\"https:\/\/www.barcoconut.it\/site\/wp-content\/uploads\/2022\/07\/drink-aperitivi-1.jpg 1024w, https:\/\/www.barcoconut.it\/site\/wp-content\/uploads\/2022\/07\/drink-aperitivi-1-300x200.jpg 300w, https:\/\/www.barcoconut.it\/site\/wp-content\/uploads\/2022\/07\/drink-aperitivi-1-768x512.jpg 768w, https:\/\/www.barcoconut.it\/site\/wp-content\/uploads\/2022\/07\/drink-aperitivi-1-600x400.jpg 600w\" sizes=\"auto, (max-width: 1024px) 100vw, 1024px\" \/>\t\t\t\t\t\t\t\t\t<\/div>\n\t\t\t<\/div>\n\t\t\t<\/div>\n<\/div>[\/vc_column][\/vc_row]<\/p>\n<\/div>","protected":false},"excerpt":{"rendered":"<p>[vc_row row_content_width=&#8221;grid&#8221; content_text_aligment=&#8221;center&#8221; css=&#8221;.vc_custom_1515086658562{padding-top: 50px !important;padding-right: 0px !important;padding-bottom: 25px !important;padding-left: 0px !important;}&#8221;][vc_column][\/vc_column][\/vc_row][vc_row gap=&#8221;35&#8243; equal_height=&#8221;yes&#8221; row_content_width=&#8221;grid&#8221; css=&#8221;.vc_custom_1513426840245{padding-top: 25px !important;padding-bottom: 90px !important;}&#8221;][vc_column offset=&#8221;vc_col-lg-4 vc_col-md-8 vc_col-xs-12&#8243;][vc_empty_space height=&#8221;39px&#8221;][vc_empty_space height=&#8221;4px&#8221;][\/vc_column][vc_column offset=&#8221;vc_col-lg-4 vc_col-md-8 vc_col-xs-12&#8243;][vc_empty_space height=&#8221;39px&#8221;][vc_empty_space height=&#8221;4px&#8221;][\/vc_column][vc_column offset=&#8221;vc_col-lg-4 vc_col-md-8 vc_col-xs-12&#8243;][vc_empty_space height=&#8221;39px&#8221;][vc_empty_space height=&#8221;4px&#8221;][\/vc_column][\/vc_row][vc_row row_content_width=&#8221;grid&#8221; css=&#8221;.vc_custom_1513507413350{padding-top: 30px !important;padding-bottom: 30px [&hellip;]<\/p>\n","protected":false},"author":1,"featured_media":0,"parent":0,"menu_order":0,"comment_status":"closed","ping_status":"closed","template":"full-width.php","meta":{"footnotes":""},"class_list":["post-2768","page","type-page","status-publish","hentry"],"_links":{"self":[{"href":"https:\/\/www.barcoconut.it\/site\/wp-json\/wp\/v2\/pages\/2768","targetHints":{"allow":["GET"]}}],"collection":[{"href":"https:\/\/www.barcoconut.it\/site\/wp-json\/wp\/v2\/pages"}],"about":[{"href":"https:\/\/www.barcoconut.it\/site\/wp-json\/wp\/v2\/types\/page"}],"author":[{"embeddable":true,"href":"https:\/\/www.barcoconut.it\/site\/wp-json\/wp\/v2\/users\/1"}],"replies":[{"embeddable":true,"href":"https:\/\/www.barcoconut.it\/site\/wp-json\/wp\/v2\/comments?post=2768"}],"version-history":[{"count":7,"href":"https:\/\/www.barcoconut.it\/site\/wp-json\/wp\/v2\/pages\/2768\/revisions"}],"predecessor-version":[{"id":6336,"href":"https:\/\/www.barcoconut.it\/site\/wp-json\/wp\/v2\/pages\/2768\/revisions\/6336"}],"wp:attachment":[{"href":"https:\/\/www.barcoconut.it\/site\/wp-json\/wp\/v2\/media?parent=2768"}],"curies":[{"name":"wp","href":"https:\/\/api.w.org\/{rel}","templated":true}]}}